{"id":2,"date":"2018-06-20T19:25:37","date_gmt":"2018-06-20T19:25:37","guid":{"rendered":"https:\/\/mihaelapetrescu.ro\/?page_id=2"},"modified":"2018-06-20T19:25:37","modified_gmt":"2018-06-20T19:25:37","slug":"pagin\u0103-exemplu","status":"publish","type":"page","link":"https:\/\/mihaelapetrescu.ro\/","title":{"rendered":"Pagin\u0103 exemplu"},"content":{"rendered":"<p>Aceasta este o pagin\u0103 exemplu. Este diferit\u0103 de un articol de blog deoarece va r\u0103m\u00e2ne \u00een acela\u0219i loc \u0219i va ap\u0103rea \u00een navigarea sitului t\u0103u (\u00een majoritatea temelor). Multe persoane \u00eencep cu o pagin\u0103 Despre care \u00eei prezint\u0103 poten\u021bialilor vizitatori. S-ar putea spune ceva de genul:<\/p>\n<blockquote><p>Bun\u0103! Ziua sunt curier, iar noaptea actor aspirant \u0219i acesta este situl meu web. Locuiesc \u00een Cluj, am un c\u00e2ine superb pe nume Jack \u0219i \u00eemi place vinul ro\u0219u. (\u0218i s\u0103 m\u0103 plimb prin ploaie.)<\/p><\/blockquote>\n<p>&#8230;sau ceva cam a\u0219a:<\/p>\n<blockquote><p>Firma de juc\u0103rii XYZ a fost fondat\u0103 \u00een anul 1971 \u0219i a oferit copiilor juc\u0103rii de calitate \u00eenc\u0103 de atunci. Av\u00e2nd sediul \u00een ora\u0219ul Minunilor, XYZ are peste 2000 de angaja\u021bi \u0219i face tot felul de lucruri minunate pentru comunitatea din ora\u0219.<\/p><\/blockquote>\n<p>Ca un utilizator WordPress nou, ar trebui s\u0103 mergi la <a href=\"https:\/\/mihaelapetrescu.ro\/wp-admin\/\">panoul t\u0103u de control<\/a> pentru a \u0219terge aceast\u0103 pagin\u0103 \u0219i s\u0103 creezi pagini noi pentru con\u021binutul t\u0103u. Distrac\u021bie pl\u0103cut\u0103!<\/p>\n","protected":false},"excerpt":{"rendered":"<p>Aceasta este o pagin\u0103 exemplu. Este diferit\u0103 de un articol de blog deoarece va r\u0103m\u00e2ne \u00een acela\u0219i loc \u0219i va ap\u0103rea \u00een navigarea sitului t\u0103u (\u00een majoritatea temelor). Multe persoane \u00eencep cu o pagin\u0103 Despre care \u00eei prezint\u0103 poten\u021bialilor vizitatori. S-ar putea spune ceva de genul: Bun\u0103! Ziua sunt curier, [&hellip;]<\/p>\n","protected":false},"author":1,"featured_media":0,"parent":0,"menu_order":0,"comment_status":"closed","ping_status":"open","template":"","meta":{"_monsterinsights_skip_tracking":false,"_monsterinsights_sitenote_active":false,"_monsterinsights_sitenote_note":"","_monsterinsights_sitenote_category":0,"footnotes":""},"class_list":["post-2","page","type-page","status-publish","hentry"],"_links":{"self":[{"href":"https:\/\/mihaelapetrescu.ro\/index.php\/wp-json\/wp\/v2\/pages\/2","targetHints":{"allow":["GET"]}}],"collection":[{"href":"https:\/\/mihaelapetrescu.ro\/index.php\/wp-json\/wp\/v2\/pages"}],"about":[{"href":"https:\/\/mihaelapetrescu.ro\/index.php\/wp-json\/wp\/v2\/types\/page"}],"author":[{"embeddable":true,"href":"https:\/\/mihaelapetrescu.ro\/index.php\/wp-json\/wp\/v2\/users\/1"}],"replies":[{"embeddable":true,"href":"https:\/\/mihaelapetrescu.ro\/index.php\/wp-json\/wp\/v2\/comments?post=2"}],"version-history":[{"count":1,"href":"https:\/\/mihaelapetrescu.ro\/index.php\/wp-json\/wp\/v2\/pages\/2\/revisions"}],"predecessor-version":[{"id":662,"href":"https:\/\/mihaelapetrescu.ro\/index.php\/wp-json\/wp\/v2\/pages\/2\/revisions\/662"}],"wp:attachment":[{"href":"https:\/\/mihaelapetrescu.ro\/index.php\/wp-json\/wp\/v2\/media?parent=2"}],"curies":[{"name":"wp","href":"https:\/\/api.w.org\/{rel}","templated":true}]}}